{"id":4389,"date":"2025-10-03T06:34:43","date_gmt":"2025-10-03T06:34:43","guid":{"rendered":"https:\/\/francisa43.sg-host.com\/?page_id=4389"},"modified":"2025-11-06T21:39:44","modified_gmt":"2025-11-06T21:39:44","slug":"references-normatives-et-informatives","status":"publish","type":"page","link":"https:\/\/www.hracanada.org\/francais\/references-normatives-et-informatives\/","title":{"rendered":"R\u00e9f\u00e9rences normatives et informatives\u200b"},"content":{"rendered":"\t\t<div data-elementor-type=\"wp-page\" data-elementor-id=\"4389\" class=\"elementor elementor-4389\" data-elementor-post-type=\"page\">\n\t\t\t\t\t\t<section class=\"elementor-section elementor-top-section elementor-element elementor-element-d14d9d1 elementor-section-boxed elementor-section-height-default elementor-section-height-default\" data-id=\"d14d9d1\" data-element_type=\"section\" data-e-type=\"section\" data-settings=\"{&quot;background_background&quot;:&quot;classic&quot;}\">\n\t\t\t\t\t\t\t<div class=\"elementor-background-overlay\"><\/div>\n\t\t\t\t\t\t\t<div class=\"elementor-container elementor-column-gap-no\">\n\t\t\t\t\t<div class=\"elementor-column elementor-col-100 elementor-top-column elementor-element elementor-element-4126c37\" data-id=\"4126c37\" data-element_type=\"column\" data-e-type=\"column\" data-settings=\"{&quot;background_background&quot;:&quot;classic&quot;}\">\n\t\t\t<div class=\"elementor-widget-wrap elementor-element-populated\">\n\t\t\t\t\t\t<div class=\"elementor-element elementor-element-4335dda elementor-widget elementor-widget-heading\" data-id=\"4335dda\" data-element_type=\"widget\" data-e-type=\"widget\" data-widget_type=\"heading.default\">\n\t\t\t\t<div class=\"elementor-widget-container\">\n\t\t\t\t\t<h1 class=\"elementor-heading-title elementor-size-default\">R\u00e9f\u00e9rences normatives et informatives<\/h1>\t\t\t\t<\/div>\n\t\t\t\t<\/div>\n\t\t\t\t\t<\/div>\n\t\t<\/div>\n\t\t\t\t\t<\/div>\n\t\t<\/section>\n\t\t\t\t<section class=\"elementor-section elementor-top-section elementor-element elementor-element-d8af551 elementor-section-boxed elementor-section-height-default elementor-section-height-default\" data-id=\"d8af551\" data-element_type=\"section\" data-e-type=\"section\">\n\t\t\t\t\t\t<div class=\"elementor-container elementor-column-gap-no\">\n\t\t\t\t\t<div class=\"elementor-column elementor-col-100 elementor-top-column elementor-element elementor-element-52d8713\" data-id=\"52d8713\" data-element_type=\"column\" data-e-type=\"column\">\n\t\t\t<div class=\"elementor-widget-wrap elementor-element-populated\">\n\t\t\t\t\t\t<div class=\"elementor-element elementor-element-33d50d7 elementor-widget elementor-widget-heading\" data-id=\"33d50d7\" data-element_type=\"widget\" data-e-type=\"widget\" data-widget_type=\"heading.default\">\n\t\t\t\t<div class=\"elementor-widget-container\">\n\t\t\t\t\t<h2 class=\"elementor-heading-title elementor-size-default\">R\u00e9f\u00e9rences normatives et informatives<\/h2>\t\t\t\t<\/div>\n\t\t\t\t<\/div>\n\t\t\t\t<div class=\"elementor-element elementor-element-6301860 elementor-widget-divider--view-line elementor-widget elementor-widget-divider\" data-id=\"6301860\" data-element_type=\"widget\" data-e-type=\"widget\" data-widget_type=\"divider.default\">\n\t\t\t\t<div class=\"elementor-widget-container\">\n\t\t\t\t\t\t\t<div class=\"elementor-divider\">\n\t\t\t<span class=\"elementor-divider-separator\">\n\t\t\t\t\t\t<\/span>\n\t\t<\/div>\n\t\t\t\t\t\t<\/div>\n\t\t\t\t<\/div>\n\t\t\t\t<div class=\"elementor-element elementor-element-517e340 elementor-widget elementor-widget-text-editor\" data-id=\"517e340\" data-element_type=\"widget\" data-e-type=\"widget\" data-widget_type=\"text-editor.default\">\n\t\t\t\t<div class=\"elementor-widget-container\">\n\t\t\t\t\t\t\t\t\t<p>Le programme d&#8217;agr\u00e9ment de HRA Canada repose sur les normes \u00e9labor\u00e9es par l&#8217;<a href=\"https:\/\/www.hrso-onrh.org\/francais\/\">Organisation de normalisation de la recherche humaine (ONRH)<\/a>. Ces normes ont \u00e9t\u00e9 \u00e9labor\u00e9es en \u00e9troite collaboration avec les r\u00e9f\u00e9rences normatives \u00e9num\u00e9r\u00e9es ci-dessous, toutes accessibles au public. Des r\u00e9f\u00e9rences informatives ont \u00e9galement facilit\u00e9 la compr\u00e9hension conceptuelle des normes.<\/p>\t\t\t\t\t\t\t\t<\/div>\n\t\t\t\t<\/div>\n\t\t\t\t<div class=\"elementor-element elementor-element-9ae53b5 elementor-widget elementor-widget-accordion\" data-id=\"9ae53b5\" data-element_type=\"widget\" data-e-type=\"widget\" data-widget_type=\"accordion.default\">\n\t\t\t\t<div class=\"elementor-widget-container\">\n\t\t\t\t\t\t\t<div class=\"elementor-accordion\">\n\t\t\t\t\t\t\t<div class=\"elementor-accordion-item\">\n\t\t\t\t\t<div id=\"elementor-tab-title-1621\" class=\"elementor-tab-title\" data-tab=\"1\" role=\"button\" aria-controls=\"elementor-tab-content-1621\" aria-expanded=\"false\">\n\t\t\t\t\t\t\t\t\t\t\t\t\t<span class=\"elementor-accordion-icon elementor-accordion-icon-right\" aria-hidden=\"true\">\n\t\t\t\t\t\t\t\t\t\t\t\t\t\t\t<span class=\"elementor-accordion-icon-closed\"><i class=\"fas fa-plus\"><\/i><\/span>\n\t\t\t\t\t\t\t\t<span class=\"elementor-accordion-icon-opened\"><i class=\"fas fa-minus\"><\/i><\/span>\n\t\t\t\t\t\t\t\t\t\t\t\t\t\t<\/span>\n\t\t\t\t\t\t\t\t\t\t\t\t<a class=\"elementor-accordion-title\" tabindex=\"0\">Lois canadiennes<\/a>\n\t\t\t\t\t<\/div>\n\t\t\t\t\t<div id=\"elementor-tab-content-1621\" class=\"elementor-tab-content elementor-clearfix\" data-tab=\"1\" role=\"region\" aria-labelledby=\"elementor-tab-title-1621\"><p><a style=\"color: #003255;\" href=\"https:\/\/laws-lois.justice.gc.ca\/fra\/lois\/F-27\/page-1.html\" target=\"_blank\" rel=\"noopener noreferrer\">Loi sur les aliments et drogues <\/a><\/p><p><a style=\"color: #003255;\" href=\"https:\/\/laws-lois.justice.gc.ca\/fra\/lois\/P-8.6\/textecomplet.html\" target=\"_blank\" rel=\"noopener noreferrer\">Loi sur la protection des renseignements personnels et les documents \u00e9lectroniques (LPRPDE)<\/a><\/p><\/div>\n\t\t\t\t<\/div>\n\t\t\t\t\t\t\t<div class=\"elementor-accordion-item\">\n\t\t\t\t\t<div id=\"elementor-tab-title-1622\" class=\"elementor-tab-title\" data-tab=\"2\" role=\"button\" aria-controls=\"elementor-tab-content-1622\" aria-expanded=\"false\">\n\t\t\t\t\t\t\t\t\t\t\t\t\t<span class=\"elementor-accordion-icon elementor-accordion-icon-right\" aria-hidden=\"true\">\n\t\t\t\t\t\t\t\t\t\t\t\t\t\t\t<span class=\"elementor-accordion-icon-closed\"><i class=\"fas fa-plus\"><\/i><\/span>\n\t\t\t\t\t\t\t\t<span class=\"elementor-accordion-icon-opened\"><i class=\"fas fa-minus\"><\/i><\/span>\n\t\t\t\t\t\t\t\t\t\t\t\t\t\t<\/span>\n\t\t\t\t\t\t\t\t\t\t\t\t<a class=\"elementor-accordion-title\" tabindex=\"0\">R\u00e8glements canadiens<\/a>\n\t\t\t\t\t<\/div>\n\t\t\t\t\t<div id=\"elementor-tab-content-1622\" class=\"elementor-tab-content elementor-clearfix\" data-tab=\"2\" role=\"region\" aria-labelledby=\"elementor-tab-title-1622\"><p><a style=\"color: #003255;\" href=\"https:\/\/laws-lois.justice.gc.ca\/fra\/reglements\/C.R.C.%2C_ch._870\/page-85.html\" target=\"_blank\" rel=\"noopener\">R\u00e8glement sur les aliments et drogues, titre 5, partie C<\/a><\/p><p><a style=\"color: #003255;\" href=\"https:\/\/www.canada.ca\/fr\/sante-canada\/services\/medicaments-produits-sante\/naturels-sans-ordonnance\/legislation-lignes-directrices\/documents-reference\/essais-cliniques.html\" target=\"_blank\" rel=\"noopener noreferrer\">R\u00e8glement sur les produits de sant\u00e9 naturels, partie 4<\/a><\/p><p><a style=\"color: #003255;\" href=\"https:\/\/laws-lois.justice.gc.ca\/fra\/reglements\/DORS-98-282\/page-9.html\" target=\"_blank\" rel=\"noopener noreferrer\">R\u00e8glement sur les instruments m\u00e9dicaux, partie 3<\/a><\/p><\/div>\n\t\t\t\t<\/div>\n\t\t\t\t\t\t\t<div class=\"elementor-accordion-item\">\n\t\t\t\t\t<div id=\"elementor-tab-title-1623\" class=\"elementor-tab-title\" data-tab=\"3\" role=\"button\" aria-controls=\"elementor-tab-content-1623\" aria-expanded=\"false\">\n\t\t\t\t\t\t\t\t\t\t\t\t\t<span class=\"elementor-accordion-icon elementor-accordion-icon-right\" aria-hidden=\"true\">\n\t\t\t\t\t\t\t\t\t\t\t\t\t\t\t<span class=\"elementor-accordion-icon-closed\"><i class=\"fas fa-plus\"><\/i><\/span>\n\t\t\t\t\t\t\t\t<span class=\"elementor-accordion-icon-opened\"><i class=\"fas fa-minus\"><\/i><\/span>\n\t\t\t\t\t\t\t\t\t\t\t\t\t\t<\/span>\n\t\t\t\t\t\t\t\t\t\t\t\t<a class=\"elementor-accordion-title\" tabindex=\"0\">Politiques et directives<\/a>\n\t\t\t\t\t<\/div>\n\t\t\t\t\t<div id=\"elementor-tab-content-1623\" class=\"elementor-tab-content elementor-clearfix\" data-tab=\"3\" role=\"region\" aria-labelledby=\"elementor-tab-title-1623\"><p><a href=\"https:\/\/rcr.ethics.gc.ca\/fra\/framework-cadre.html\" target=\"_blank\" rel=\"noopener\">Cadre de r\u00e9f\u00e9rence des trois organismes sur la conduite responsable de la recherche (2016)<\/a><\/p><p><a href=\"https:\/\/cioms.ch\/wp-content\/uploads\/2016\/08\/International_Ethical_Guidelines_for_Biomedical_Research_In volving_Human_Subjects.pdf\" target=\"_blank\" rel=\"noopener\" data-wplink-url-error=\"true\">Council for International Organizations of Medical Sciences (CIOMS): International Ethical Guidelines for Biomedical Research Involving Human Subjects<\/a><\/p><p><a href=\"https:\/\/ethics.gc.ca\/eng\/incidental_findings.html\" target=\"_blank\" rel=\"noopener\">D\u00e9couvertes fortuites significatives \u2013 L\u2019\u00e9nonc\u00e9 de politique des trois conseils: \u00c9thique de la recherche avec les \u00eatres humains \u2013 EPTC 2 (2018)<\/a><\/p><p><a href=\"https:\/\/ethics.gc.ca\/fra\/policy-politique_tcps2-eptc2_2022.html\" target=\"_blank\" rel=\"noopener\">\u00c9nonc\u00e9 de politique des trois conseils: \u00c9thique de la recherche avec des \u00eatres humains \u2013 EPTC 2 (2022)<\/a><\/p><p><a href=\"https:\/\/scdm.org\/gcdmp\/\" target=\"_blank\" rel=\"noopener\">Good Clinical Data Management Practices (GCDMP)<\/a><\/p><p><a style=\"color: #003255;\" href=\"https:\/\/www.ich.org\/page\/efficacy-guidelines\" target=\"_blank\" rel=\"noopener noreferrer\">International Council for Harmonization (ICH) Good Clinical Practice (GCP) Guideline<\/a><\/p><p><a href=\"https:\/\/ethics.gc.ca\/fra\/policy-politique_interpretations.html\" target=\"_blank\" rel=\"noopener\">Interpr\u00e9tations \u2013 L\u2019\u00e9nonc\u00e9 politique des trois conseils: \u00c9thique de la recherche avec des \u00eatres humains<\/a><\/p><p><a href=\"https:\/\/www.iso.org\/standard\/71690.html\" target=\"_blank\" rel=\"noopener\">ISO 14155:2020 Clinical Investigation of Medical Devices for Human Subjects \u2013 Good Clinical Practice<\/a><\/p><p><a href=\"https:\/\/fnigc.ca\/fr\/les-principes-de-pcap-des-premieres-nations\/\"><span class=\"text-red\">Les principes de propri\u00e9t\u00e9, de contr\u00f4le, d\u2019acc\u00e8s et de possession des Premi\u00e8res Nations <\/span><span class=\"text-red\">PCAP<sup>\u00ae<\/sup><\/span><\/a><\/p><p><a href=\"https:\/\/www.ic.gc.ca\/eic\/site\/063.nsf\/fra\/h_97610.html\" target=\"_blank\" rel=\"noopener\">Politique des trois organismes sur la gestion des donn\u00e9es de recherche (2021)<\/a><\/p><p><a href=\"https:\/\/frq.gouv.qc.ca\/app\/uploads\/2021\/04\/rapport_belmont_1974.pdf\" target=\"_blank\" rel=\"noopener\">Rapport Belmont: Principes \u00e9thiques et directives concernant la protection des sujets humains dans le cadre de la recherche<\/a><\/p><p><a style=\"color: #003255;\" href=\"https:\/\/apps.who.int\/iris\/bitstream\/handle\/10665\/44783\/9789241502948_eng.pdf\" target=\"_blank\" rel=\"noopener noreferrer\">World Health Organization \u2013 Standards and Operational Guidance for Ethics Review of Health-Related Research with Human Participants<\/a><\/p><p><a href=\"https:\/\/www.wma.net\/policies-post\/wma-declaration-of-helsinki-ethical-principles-for-medical-research-involving-human-subjects\/\" target=\"_blank\" rel=\"noopener\">World Medical Association &#8211; Declaration of Helsinki \u2013 Ethical Principles for Medical Research Involving Human Subjects<\/a><\/p><\/div>\n\t\t\t\t<\/div>\n\t\t\t\t\t\t\t<div class=\"elementor-accordion-item\">\n\t\t\t\t\t<div id=\"elementor-tab-title-1624\" class=\"elementor-tab-title\" data-tab=\"4\" role=\"button\" aria-controls=\"elementor-tab-content-1624\" aria-expanded=\"false\">\n\t\t\t\t\t\t\t\t\t\t\t\t\t<span class=\"elementor-accordion-icon elementor-accordion-icon-right\" aria-hidden=\"true\">\n\t\t\t\t\t\t\t\t\t\t\t\t\t\t\t<span class=\"elementor-accordion-icon-closed\"><i class=\"fas fa-plus\"><\/i><\/span>\n\t\t\t\t\t\t\t\t<span class=\"elementor-accordion-icon-opened\"><i class=\"fas fa-minus\"><\/i><\/span>\n\t\t\t\t\t\t\t\t\t\t\t\t\t\t<\/span>\n\t\t\t\t\t\t\t\t\t\t\t\t<a class=\"elementor-accordion-title\" tabindex=\"0\">Autres r\u00e8glements  <\/a>\n\t\t\t\t\t<\/div>\n\t\t\t\t\t<div id=\"elementor-tab-content-1624\" class=\"elementor-tab-content elementor-clearfix\" data-tab=\"4\" role=\"region\" aria-labelledby=\"elementor-tab-title-1624\"><p><a style=\"color: #003255;\" href=\"https:\/\/www.accessdata.fda.gov\/scripts\/cdrh\/cfdocs\/cfcfr\/cfrsearch.cfm\" target=\"_blank\" rel=\"noopener noreferrer\">US Code of Federal Regulations Title 21<\/a><\/p><p><a style=\"color: #003255;\" href=\"https:\/\/www.ecfr.gov\/cgi-bin\/text-idx?tpl=\/ecfrbrowse\/Title45\/45tab_02.tpl\" target=\"_blank\" rel=\"noopener noreferrer\">US Code of Federal Regulations Title 45<\/a><\/p><\/div>\n\t\t\t\t<\/div>\n\t\t\t\t\t\t\t<div class=\"elementor-accordion-item\">\n\t\t\t\t\t<div id=\"elementor-tab-title-1625\" class=\"elementor-tab-title\" data-tab=\"5\" role=\"button\" aria-controls=\"elementor-tab-content-1625\" aria-expanded=\"false\">\n\t\t\t\t\t\t\t\t\t\t\t\t\t<span class=\"elementor-accordion-icon elementor-accordion-icon-right\" aria-hidden=\"true\">\n\t\t\t\t\t\t\t\t\t\t\t\t\t\t\t<span class=\"elementor-accordion-icon-closed\"><i class=\"fas fa-plus\"><\/i><\/span>\n\t\t\t\t\t\t\t\t<span class=\"elementor-accordion-icon-opened\"><i class=\"fas fa-minus\"><\/i><\/span>\n\t\t\t\t\t\t\t\t\t\t\t\t\t\t<\/span>\n\t\t\t\t\t\t\t\t\t\t\t\t<a class=\"elementor-accordion-title\" tabindex=\"0\">Documents connexes (Informatif)<\/a>\n\t\t\t\t\t<\/div>\n\t\t\t\t\t<div id=\"elementor-tab-content-1625\" class=\"elementor-tab-content elementor-clearfix\" data-tab=\"5\" role=\"region\" aria-labelledby=\"elementor-tab-title-1625\"><p><a style=\"color: #003255;\" href=\"https:\/\/www.hracanada.org\/hra\/wp-content\/uploads\/2021\/08\/A-Systems-Approach-to-Human-Research-Protection-Paper-Final67.pdf\" target=\"_blank\" rel=\"noopener noreferrer\">A Systems Approach to Human Research Protection: Innovation in Healthcare, authored by Alexander G. Karabanow, BSc, BAA; Janice E. Parente, BSc, PhD; Jacquelyn Legere, RN, BN,CIPP\/C; Ann Munro Heesters, BEd, BA(Hons.), MA, PhD<\/a><\/p><p><a href=\"https:\/\/www.hracanada.org\/francais\/wp-content\/uploads\/2024\/02\/Canadas-Clinical-Trial-Infrastructure-2012.pdf\" target=\"_blank\" rel=\"noopener\">Canada&#8217;s Clinical Trial Infrastructure: A Prescription for Improved Access to New Medicines (2012) &#8211; Standing Senate Committee on Social Affairs, Science and Technology<\/a><\/p><p><a href=\"http:\/\/hracanada.org\/wp-content\/uploads\/2025\/03\/M-McDonald-Is-Anybody-Minding-the-Store.pdf\">Canadian governance of human research involving human subjects: is anyone minding the store? &#8211; authored by Michael McDonald, BA, MA, PhD<\/a><\/p><p><a href=\"https:\/\/www.gida-global.org\/care\">CARE Principles for Indigenous Data Governance<\/a><\/p><p><a style=\"color: #003255;\" href=\"http:\/\/publications.gc.ca\/site\/eng\/9.690651\/publication.html\" target=\"_blank\" rel=\"noopener noreferrer\">Gouvernance de la recherche dans le domaine de la sante\u0301 avec des sujets humains, r\u00e9dig\u00e9 par Michael McDonald, BA, MA, PhD<\/a><\/p><p><a href=\"https:\/\/www.hracanada.org\/francais\/wp-content\/uploads\/2024\/02\/NCEHR-Options-for-the-Development-of-an-Accreditation-System-for-HRPPs.pdf\" target=\"_blank\" rel=\"noopener\">National Council on Ethics in Human Research (NCEHR): Options for the Development of an Accreditation System for Human Research Protection Programs, 2005<\/a><\/p><p><a style=\"color: #003255;\" href=\"https:\/\/hracanada.org\/wp-content\/uploads\/2022\/04\/Deschamps-Report-EN.pdf\" target=\"_blank\" rel=\"noopener noreferrer\">Rapport sur l\u2019e\u0301valuation des me\u0301canismes de contro\u0302le en matie\u0300re de recherche clinique au Que\u0301bec, r\u00e9dig\u00e9 par Pierre Deschamps, BCL, CM<\/a><\/p><p><a href=\"https:\/\/www.hracanada.org\/hra\/wp-content\/uploads\/2023\/01\/Anderson-et-al-2011.pdf\">Research Ethics Broadly Writ: Beyond REB Review. Anderson, JA, Sawatzky-Girling, B., McDonald, M, Pullman, D., Saginur, R, Sampson, HA, and Willison, DJ (2011), Health Law Review 19(3), 12-24.<\/a><\/p><p><a href=\"https:\/\/www.acpjournals.org\/doi\/10.7326\/0003-4819-158-3-201302050-00583\">SPIRIT 2013 Statement: Defining standard protocol items for clinical trials.<span class=\"Apple-converted-space\">\u00a0<\/span><\/a><\/p><p><a href=\"https:\/\/www.bmj.com\/content\/346\/bmj.e7586.full?ijkey=QpAJnYI57zIwVr3&amp;keytype=ref\">SPIRIT 2013 Explanation and Elaboration: Guidance for protocols of clinical trials.<\/a><\/p><p><a href=\"https:\/\/www.hracanada.org\/francais\/wp-content\/uploads\/2024\/02\/Moving-Ahead-2008.pdf\" target=\"_blank\" rel=\"noopener\">The Experts Committee for Human Research Participant Protection in Canada (2008) Moving Ahead: Final Report, Ottawa.<\/a><\/p><p><a href=\"https:\/\/jamanetwork.com\/journals\/jama\/article- abstract\/192740\" data-wplink-url-error=\"true\">What Makes Clinical Research Ethical? Emanuel EJ, Wendler D, and Grady C. (2000) JAMA 283(20):2701\u20132711<\/a><\/p><\/div>\n\t\t\t\t<\/div>\n\t\t\t\t\t\t\t<div class=\"elementor-accordion-item\">\n\t\t\t\t\t<div id=\"elementor-tab-title-1626\" class=\"elementor-tab-title\" data-tab=\"6\" role=\"button\" aria-controls=\"elementor-tab-content-1626\" aria-expanded=\"false\">\n\t\t\t\t\t\t\t\t\t\t\t\t\t<span class=\"elementor-accordion-icon elementor-accordion-icon-right\" aria-hidden=\"true\">\n\t\t\t\t\t\t\t\t\t\t\t\t\t\t\t<span class=\"elementor-accordion-icon-closed\"><i class=\"fas fa-plus\"><\/i><\/span>\n\t\t\t\t\t\t\t\t<span class=\"elementor-accordion-icon-opened\"><i class=\"fas fa-minus\"><\/i><\/span>\n\t\t\t\t\t\t\t\t\t\t\t\t\t\t<\/span>\n\t\t\t\t\t\t\t\t\t\t\t\t<a class=\"elementor-accordion-title\" tabindex=\"0\">Livres et chapitres de livres (informatif)<\/a>\n\t\t\t\t\t<\/div>\n\t\t\t\t\t<div id=\"elementor-tab-content-1626\" class=\"elementor-tab-content elementor-clearfix\" data-tab=\"6\" role=\"region\" aria-labelledby=\"elementor-tab-title-1626\"><p><a href=\"https:\/\/bioethicsarchive.georgetown.edu\/pcsbi\/sites\/default\/files\/Emanuel%2C%20E.J.%2C%20Wendler%2C%20D.%2C%20Grady%2C%20C.%20%E2%80%9CAn%20Ethical%20Framework%20for%20Biomedical%20Research.%E2%80%9D%20The%20Oxford%20Textbook%20of%20Clinical%20Research%20Ethics.%20Eds.%20E.J.%20Emanuel%20et%20a\" target=\"_blank\" rel=\"noopener\">An ethical framework for biomedical research, authored by Emanuel EJ, Wendler D, and Grady C (2008) in Emanuel EJ, Grady C, Crouch RA, Lie R, Miller FG, and Wendler D (Editors), <i>The Oxford Textbook of Clinical Research Ethics <\/i>(pages 123\u2013 135). Oxford, UK: Oxford University Press.<\/a><\/p><p><a href=\"https:\/\/www.goodreads.com\/book\/show\/221736126-ethics-on-trial\">Ethics on Trial: Protecting Humans in Canada\u2019s Broken Research System, authored by Parente JE (2025), Dundurn Press.<\/a><\/p><p><a style=\"color: #003255;\" href=\"https:\/\/www.nap.edu\/catalog\/10085\/preserving-public-trust-accreditation-and-human-research-participant-protection-programs\" target=\"_blank\" rel=\"noopener noreferrer\">Institute of Medicine \u2013 Preserving Public Trust: Accreditation and Human Research Participant Protection Programs<\/a><\/p><\/div>\n\t\t\t\t<\/div>\n\t\t\t\t\t\t\t\t<\/div>\n\t\t\t\t\t\t<\/div>\n\t\t\t\t<\/div>\n\t\t\t\t<div class=\"elementor-element elementor-element-b208a4f elementor-widget elementor-widget-button\" data-id=\"b208a4f\" data-element_type=\"widget\" data-e-type=\"widget\" data-widget_type=\"button.default\">\n\t\t\t\t<div class=\"elementor-widget-container\">\n\t\t\t\t\t\t\t\t\t<div class=\"elementor-button-wrapper\">\n\t\t\t\t\t<a class=\"elementor-button elementor-button-link elementor-size-sm\" href=\"https:\/\/www.hracanada.org\/francais\/nous-joindre\/\">\n\t\t\t\t\t\t<span class=\"elementor-button-content-wrapper\">\n\t\t\t\t\t\t\t\t\t<span class=\"elementor-button-text\">Nous joindre<\/span>\n\t\t\t\t\t<\/span>\n\t\t\t\t\t<\/a>\n\t\t\t\t<\/div>\n\t\t\t\t\t\t\t\t<\/div>\n\t\t\t\t<\/div>\n\t\t\t\t\t<\/div>\n\t\t<\/div>\n\t\t\t\t\t<\/div>\n\t\t<\/section>\n\t\t\t\t<\/div>\n\t\t","protected":false},"excerpt":{"rendered":"<p>R\u00e9f\u00e9rences normatives et informatives R\u00e9f\u00e9rences normatives et informatives Le programme d&#8217;agr\u00e9ment de HRA Canada repose sur les normes \u00e9labor\u00e9es par l&#8217;Organisation de normalisation de la recherche humaine (ONRH). Ces normes ont \u00e9t\u00e9 \u00e9labor\u00e9es en \u00e9troite collaboration avec les r\u00e9f\u00e9rences normatives \u00e9num\u00e9r\u00e9es ci-dessous, toutes accessibles au public. Des r\u00e9f\u00e9rences informatives ont \u00e9galement facilit\u00e9 la compr\u00e9hension conceptuelle [&hellip;]<\/p>\n","protected":false},"author":5,"featured_media":0,"parent":0,"menu_order":0,"comment_status":"closed","ping_status":"closed","template":"elementor_header_footer","meta":{"om_disable_all_campaigns":false,"_monsterinsights_skip_tracking":false,"_monsterinsights_sitenote_active":false,"_monsterinsights_sitenote_note":"","_monsterinsights_sitenote_category":0,"site-sidebar-layout":"no-sidebar","site-content-layout":"page-builder","ast-site-content-layout":"full-width-container","site-content-style":"default","site-sidebar-style":"default","ast-global-header-display":"","ast-banner-title-visibility":"","ast-main-header-display":"","ast-hfb-above-header-display":"","ast-hfb-below-header-display":"","ast-hfb-mobile-header-display":"","site-post-title":"disabled","ast-breadcrumbs-content":"","ast-featured-img":"disabled","footer-sml-layout":"","ast-disable-related-posts":"","theme-transparent-header-meta":"enabled","adv-header-id-meta":"","stick-header-meta":"","header-above-stick-meta":"","header-main-stick-meta":"","header-below-stick-meta":"","astra-migrate-meta-layouts":"set","ast-page-background-enabled":"default","ast-page-background-meta":{"desktop":{"background-color":"","background-image":"","background-repeat":"repeat","background-position":"center center","background-size":"auto","background-attachment":"scroll","background-type":"","background-media":"","overlay-type":"","overlay-color":"","overlay-opacity":"","overlay-gradient":""},"tablet":{"background-color":"","background-image":"","background-repeat":"repeat","background-position":"center center","background-size":"auto","background-attachment":"scroll","background-type":"","background-media":"","overlay-type":"","overlay-color":"","overlay-opacity":"","overlay-gradient":""},"mobile":{"background-color":"","background-image":"","background-repeat":"repeat","background-position":"center center","background-size":"auto","background-attachment":"scroll","background-type":"","background-media":"","overlay-type":"","overlay-color":"","overlay-opacity":"","overlay-gradient":""}},"ast-content-background-meta":{"desktop":{"background-color":"var(--ast-global-color-5)","background-image":"","background-repeat":"repeat","background-position":"center center","background-size":"auto","background-attachment":"scroll","background-type":"","background-media":"","overlay-type":"","overlay-color":"","overlay-opacity":"","overlay-gradient":""},"tablet":{"background-color":"var(--ast-global-color-5)","background-image":"","background-repeat":"repeat","background-position":"center center","background-size":"auto","background-attachment":"scroll","background-type":"","background-media":"","overlay-type":"","overlay-color":"","overlay-opacity":"","overlay-gradient":""},"mobile":{"background-color":"var(--ast-global-color-5)","background-image":"","background-repeat":"repeat","background-position":"center center","background-size":"auto","background-attachment":"scroll","background-type":"","background-media":"","overlay-type":"","overlay-color":"","overlay-opacity":"","overlay-gradient":""}},"footnotes":""},"class_list":["post-4389","page","type-page","status-publish","hentry"],"aioseo_notices":[],"_links":{"self":[{"href":"https:\/\/www.hracanada.org\/francais\/wp-json\/wp\/v2\/pages\/4389","targetHints":{"allow":["GET"]}}],"collection":[{"href":"https:\/\/www.hracanada.org\/francais\/wp-json\/wp\/v2\/pages"}],"about":[{"href":"https:\/\/www.hracanada.org\/francais\/wp-json\/wp\/v2\/types\/page"}],"author":[{"embeddable":true,"href":"https:\/\/www.hracanada.org\/francais\/wp-json\/wp\/v2\/users\/5"}],"replies":[{"embeddable":true,"href":"https:\/\/www.hracanada.org\/francais\/wp-json\/wp\/v2\/comments?post=4389"}],"version-history":[{"count":0,"href":"https:\/\/www.hracanada.org\/francais\/wp-json\/wp\/v2\/pages\/4389\/revisions"}],"wp:attachment":[{"href":"https:\/\/www.hracanada.org\/francais\/wp-json\/wp\/v2\/media?parent=4389"}],"curies":[{"name":"wp","href":"https:\/\/api.w.org\/{rel}","templated":true}]}}