{"id":2911,"date":"2022-12-08T11:58:43","date_gmt":"2022-12-08T11:58:43","guid":{"rendered":"https:\/\/www.hracanada.org\/francais\/?page_id=2911"},"modified":"2025-11-10T15:09:00","modified_gmt":"2025-11-10T15:09:00","slug":"organisations-agreees","status":"publish","type":"page","link":"https:\/\/www.hracanada.org\/francais\/organisations-agreees\/","title":{"rendered":"Organisations agr\u00e9\u00e9es"},"content":{"rendered":"\t\t<div data-elementor-type=\"wp-post\" data-elementor-id=\"2911\" class=\"elementor elementor-2911\" data-elementor-post-type=\"page\">\n\t\t\t\t<div class=\"elementor-element elementor-element-0c8f1b2 e-flex e-con-boxed e-con e-parent\" data-id=\"0c8f1b2\" data-element_type=\"container\" data-e-type=\"container\" data-settings=\"{&quot;background_background&quot;:&quot;classic&quot;}\">\n\t\t\t\t\t<div class=\"e-con-inner\">\n\t\t<div class=\"elementor-element elementor-element-a3cd15e e-con-full e-flex e-con e-child\" data-id=\"a3cd15e\" data-element_type=\"container\" data-e-type=\"container\" data-settings=\"{&quot;background_background&quot;:&quot;classic&quot;}\">\n\t\t\t\t<div class=\"elementor-element elementor-element-b175f83 elementor-widget elementor-widget-heading\" data-id=\"b175f83\" data-element_type=\"widget\" data-e-type=\"widget\" data-widget_type=\"heading.default\">\n\t\t\t\t<div class=\"elementor-widget-container\">\n\t\t\t\t\t<h1 class=\"elementor-heading-title elementor-size-default\">Organisations agr\u00e9\u00e9es<\/h1>\t\t\t\t<\/div>\n\t\t\t\t<\/div>\n\t\t\t\t<\/div>\n\t\t\t\t\t<\/div>\n\t\t\t\t<\/div>\n\t\t\t\t<section class=\"elementor-section elementor-top-section elementor-element elementor-element-60d2ba8b elementor-section-boxed elementor-section-height-default elementor-section-height-default\" data-id=\"60d2ba8b\" data-element_type=\"section\" data-e-type=\"section\">\n\t\t\t\t\t\t<div class=\"elementor-container elementor-column-gap-no\">\n\t\t\t\t\t<div class=\"elementor-column elementor-col-100 elementor-top-column elementor-element elementor-element-6857abaa\" data-id=\"6857abaa\" data-element_type=\"column\" data-e-type=\"column\">\n\t\t\t<div class=\"elementor-widget-wrap elementor-element-populated\">\n\t\t\t\t\t\t<div class=\"elementor-element elementor-element-40bc52b elementor-widget elementor-widget-text-editor\" data-id=\"40bc52b\" data-element_type=\"widget\" data-e-type=\"widget\" data-widget_type=\"text-editor.default\">\n\t\t\t\t<div class=\"elementor-widget-container\">\n\t\t\t\t\t\t\t\t\tF\u00e9licitations aux organisations canadiennes suivantes qui ont volontairement obtenu et maintenu l\u2019agr\u00e9ment de la recherche avec des \u00eatres humains. En obtenant l\u2019agr\u00e9ment, vous avez d\u00e9montr\u00e9 que vous avez mis en place des processus rigoureux pour prot\u00e9ger les participants \u00e0 la recherche et pour produire des donn\u00e9es fiables et cr\u00e9dibles.\n\n\t\t\t\t\t\t\t\t<\/div>\n\t\t\t\t<\/div>\n\t\t\t\t<div class=\"elementor-element elementor-element-1dc2190 elementor-widget elementor-widget-accordion\" data-id=\"1dc2190\" data-element_type=\"widget\" data-e-type=\"widget\" data-widget_type=\"accordion.default\">\n\t\t\t\t<div class=\"elementor-widget-container\">\n\t\t\t\t\t\t\t<div class=\"elementor-accordion\">\n\t\t\t\t\t\t\t<div class=\"elementor-accordion-item\">\n\t\t\t\t\t<div id=\"elementor-tab-title-3121\" class=\"elementor-tab-title\" data-tab=\"1\" role=\"button\" aria-controls=\"elementor-tab-content-3121\" aria-expanded=\"false\">\n\t\t\t\t\t\t\t\t\t\t\t\t\t<span class=\"elementor-accordion-icon elementor-accordion-icon-right\" aria-hidden=\"true\">\n\t\t\t\t\t\t\t\t\t\t\t\t\t\t\t<span class=\"elementor-accordion-icon-closed\"><i class=\"fas fa-plus\"><\/i><\/span>\n\t\t\t\t\t\t\t\t<span class=\"elementor-accordion-icon-opened\"><i class=\"fas fa-minus\"><\/i><\/span>\n\t\t\t\t\t\t\t\t\t\t\t\t\t\t<\/span>\n\t\t\t\t\t\t\t\t\t\t\t\t<a class=\"elementor-accordion-title\" tabindex=\"0\">PPPRs - Chaque PPPR est conforme \u00e0 la norme nationale du Canada CAN\/DGSI 129 \/ HRSO-100.01<\/a>\n\t\t\t\t\t<\/div>\n\t\t\t\t\t<div id=\"elementor-tab-content-3121\" class=\"elementor-tab-content elementor-clearfix\" data-tab=\"1\" role=\"region\" aria-labelledby=\"elementor-tab-title-3121\"><p><span style=\"color: #003255;\"><a style=\"color: #003255;\" href=\"https:\/\/ethicacro.com\/fr\/\" target=\"_blank\" rel=\"noopener noreferrer\">ethica CRO Inc.<\/a><br \/><\/span><span style=\"color: #003255;\"><a style=\"color: #003255;\" href=\"https:\/\/horizonnb.ca\/fr\/accueil\/\" target=\"_blank\" rel=\"noopener\">R\u00e9seau de sant\u00e9 Horizon<\/a><br \/><a style=\"color: #003255;\" href=\"https:\/\/www.veritasirb.com\/index_fr.html\" target=\"_blank\" rel=\"noopener noreferrer\">Veritas IRB Inc.<\/a><\/span><\/p><\/div>\n\t\t\t\t<\/div>\n\t\t\t\t\t\t\t<div class=\"elementor-accordion-item\">\n\t\t\t\t\t<div id=\"elementor-tab-title-3122\" class=\"elementor-tab-title\" data-tab=\"2\" role=\"button\" aria-controls=\"elementor-tab-content-3122\" aria-expanded=\"false\">\n\t\t\t\t\t\t\t\t\t\t\t\t\t<span class=\"elementor-accordion-icon elementor-accordion-icon-right\" aria-hidden=\"true\">\n\t\t\t\t\t\t\t\t\t\t\t\t\t\t\t<span class=\"elementor-accordion-icon-closed\"><i class=\"fas fa-plus\"><\/i><\/span>\n\t\t\t\t\t\t\t\t<span class=\"elementor-accordion-icon-opened\"><i class=\"fas fa-minus\"><\/i><\/span>\n\t\t\t\t\t\t\t\t\t\t\t\t\t\t<\/span>\n\t\t\t\t\t\t\t\t\t\t\t\t<a class=\"elementor-accordion-title\" tabindex=\"0\">CERs - Chaque CER est conforme \u00e0 la norme nationale du Canada CAN\/HRSO-200.01-2021<\/a>\n\t\t\t\t\t<\/div>\n\t\t\t\t\t<div id=\"elementor-tab-content-3122\" class=\"elementor-tab-content elementor-clearfix\" data-tab=\"2\" role=\"region\" aria-labelledby=\"elementor-tab-title-3122\"><p><span style=\"color: #003255;\"><a style=\"color: #003255;\" href=\"https:\/\/horizonnb.ca\/fr\/accueil\/\" target=\"_blank\" rel=\"noopener noreferrer\">R\u00e9seau de sant\u00e9 Horizon<\/a><br \/><a style=\"color: #003255;\" href=\"https:\/\/www.veritasirb.com\/index_fr.html\" target=\"_blank\" rel=\"noopener noreferrer\">Veritas IRB Inc.<\/a><\/span><\/p><\/div>\n\t\t\t\t<\/div>\n\t\t\t\t\t\t\t<div class=\"elementor-accordion-item\">\n\t\t\t\t\t<div id=\"elementor-tab-title-3123\" class=\"elementor-tab-title\" data-tab=\"3\" role=\"button\" aria-controls=\"elementor-tab-content-3123\" aria-expanded=\"false\">\n\t\t\t\t\t\t\t\t\t\t\t\t\t<span class=\"elementor-accordion-icon elementor-accordion-icon-right\" aria-hidden=\"true\">\n\t\t\t\t\t\t\t\t\t\t\t\t\t\t\t<span class=\"elementor-accordion-icon-closed\"><i class=\"fas fa-plus\"><\/i><\/span>\n\t\t\t\t\t\t\t\t<span class=\"elementor-accordion-icon-opened\"><i class=\"fas fa-minus\"><\/i><\/span>\n\t\t\t\t\t\t\t\t\t\t\t\t\t\t<\/span>\n\t\t\t\t\t\t\t\t\t\t\t\t<a class=\"elementor-accordion-title\" tabindex=\"0\">ORCs - Chaque ORC est conforme \u00e0 la norme nationale du Canada CAN\/HRSO-300.01-2022<\/a>\n\t\t\t\t\t<\/div>\n\t\t\t\t\t<div id=\"elementor-tab-content-3123\" class=\"elementor-tab-content elementor-clearfix\" data-tab=\"3\" role=\"region\" aria-labelledby=\"elementor-tab-title-3123\"><p><a style=\"color: #003255;\" href=\"https:\/\/ethicacro.com\/fr\/\" target=\"_blank\" rel=\"noopener noreferrer\">ethica CRO Inc.<\/a><\/p><\/div>\n\t\t\t\t<\/div>\n\t\t\t\t\t\t\t<div class=\"elementor-accordion-item\">\n\t\t\t\t\t<div id=\"elementor-tab-title-3124\" class=\"elementor-tab-title\" data-tab=\"4\" role=\"button\" aria-controls=\"elementor-tab-content-3124\" aria-expanded=\"false\">\n\t\t\t\t\t\t\t\t\t\t\t\t\t<span class=\"elementor-accordion-icon elementor-accordion-icon-right\" aria-hidden=\"true\">\n\t\t\t\t\t\t\t\t\t\t\t\t\t\t\t<span class=\"elementor-accordion-icon-closed\"><i class=\"fas fa-plus\"><\/i><\/span>\n\t\t\t\t\t\t\t\t<span class=\"elementor-accordion-icon-opened\"><i class=\"fas fa-minus\"><\/i><\/span>\n\t\t\t\t\t\t\t\t\t\t\t\t\t\t<\/span>\n\t\t\t\t\t\t\t\t\t\t\t\t<a class=\"elementor-accordion-title\" tabindex=\"0\">Sites de recherche - Chaque site de recherche est conforme \u00e0 la norme nationale du Canada CAN\/HRSO-300.01-2022 <\/a>\n\t\t\t\t\t<\/div>\n\t\t\t\t\t<div id=\"elementor-tab-content-3124\" class=\"elementor-tab-content elementor-clearfix\" data-tab=\"4\" role=\"region\" aria-labelledby=\"elementor-tab-title-3124\"><p><span style=\"color: #003255;\"><a style=\"color: #003255;\" href=\"https:\/\/horizonnb.ca\/fr\/accueil\/\" target=\"_blank\" rel=\"noopener\">R\u00e9seau de sant\u00e9 Horizon<\/a><\/span><\/p><\/div>\n\t\t\t\t<\/div>\n\t\t\t\t\t\t\t\t\t\t<script type=\"application\/ld+json\">{\"@context\":\"https:\\\/\\\/schema.org\",\"@type\":\"FAQPage\",\"mainEntity\":[{\"@type\":\"Question\",\"name\":\"PPPRs - Chaque PPPR est conforme \\u00e0 la norme nationale du Canada CAN\\\/DGSI 129 \\\/ HRSO-100.01\",\"acceptedAnswer\":{\"@type\":\"Answer\",\"text\":\"<p><span style=\\\"color: #003255;\\\"><a style=\\\"color: #003255;\\\" href=\\\"https:\\\/\\\/ethicacro.com\\\/fr\\\/\\\" target=\\\"_blank\\\" rel=\\\"noopener noreferrer\\\">ethica CRO Inc.<\\\/a><br \\\/><\\\/span><span style=\\\"color: #003255;\\\"><a style=\\\"color: #003255;\\\" href=\\\"https:\\\/\\\/horizonnb.ca\\\/fr\\\/accueil\\\/\\\" target=\\\"_blank\\\" rel=\\\"noopener\\\">R\\u00e9seau de sant\\u00e9 Horizon<\\\/a><br \\\/><a style=\\\"color: #003255;\\\" href=\\\"https:\\\/\\\/www.veritasirb.com\\\/index_fr.html\\\" target=\\\"_blank\\\" rel=\\\"noopener noreferrer\\\">Veritas IRB Inc.<\\\/a><\\\/span><\\\/p>\"}},{\"@type\":\"Question\",\"name\":\"CERs - Chaque CER est conforme \\u00e0 la norme nationale du Canada CAN\\\/HRSO-200.01-2021\",\"acceptedAnswer\":{\"@type\":\"Answer\",\"text\":\"<p><span style=\\\"color: #003255;\\\"><a style=\\\"color: #003255;\\\" href=\\\"https:\\\/\\\/horizonnb.ca\\\/fr\\\/accueil\\\/\\\" target=\\\"_blank\\\" rel=\\\"noopener noreferrer\\\">R\\u00e9seau de sant\\u00e9 Horizon<\\\/a><br \\\/><a style=\\\"color: #003255;\\\" href=\\\"https:\\\/\\\/www.veritasirb.com\\\/index_fr.html\\\" target=\\\"_blank\\\" rel=\\\"noopener noreferrer\\\">Veritas IRB Inc.<\\\/a><\\\/span><\\\/p>\"}},{\"@type\":\"Question\",\"name\":\"ORCs - Chaque ORC est conforme \\u00e0 la norme nationale du Canada CAN\\\/HRSO-300.01-2022\",\"acceptedAnswer\":{\"@type\":\"Answer\",\"text\":\"<p><a style=\\\"color: #003255;\\\" href=\\\"https:\\\/\\\/ethicacro.com\\\/fr\\\/\\\" target=\\\"_blank\\\" rel=\\\"noopener noreferrer\\\">ethica CRO Inc.<\\\/a><\\\/p>\"}},{\"@type\":\"Question\",\"name\":\"Sites de recherche - Chaque site de recherche est conforme \\u00e0 la norme nationale du Canada CAN\\\/HRSO-300.01-2022\",\"acceptedAnswer\":{\"@type\":\"Answer\",\"text\":\"<p><span style=\\\"color: #003255;\\\"><a style=\\\"color: #003255;\\\" href=\\\"https:\\\/\\\/horizonnb.ca\\\/fr\\\/accueil\\\/\\\" target=\\\"_blank\\\" rel=\\\"noopener\\\">R\\u00e9seau de sant\\u00e9 Horizon<\\\/a><\\\/span><\\\/p>\"}}]}<\/script>\n\t\t\t\t\t<\/div>\n\t\t\t\t\t\t<\/div>\n\t\t\t\t<\/div>\n\t\t\t\t<div class=\"elementor-element elementor-element-15de7fc elementor-mobile-align-center elementor-widget__width-inherit elementor-align-center elementor-widget elementor-widget-button\" data-id=\"15de7fc\" data-element_type=\"widget\" data-e-type=\"widget\" data-widget_type=\"button.default\">\n\t\t\t\t<div class=\"elementor-widget-container\">\n\t\t\t\t\t\t\t\t\t<div class=\"elementor-button-wrapper\">\n\t\t\t\t\t<a class=\"elementor-button elementor-button-link elementor-size-md\" href=\"https:\/\/www.hracanada.org\/francais\/demande-dagrement\">\n\t\t\t\t\t\t<span class=\"elementor-button-content-wrapper\">\n\t\t\t\t\t\t<span class=\"elementor-button-icon\">\n\t\t\t\t\t\t\t<\/span>\n\t\t\t\t\t\t\t\t\t<span class=\"elementor-button-text\">Obtenir l'agr\u00e9ment<\/span>\n\t\t\t\t\t<\/span>\n\t\t\t\t\t<\/a>\n\t\t\t\t<\/div>\n\t\t\t\t\t\t\t\t<\/div>\n\t\t\t\t<\/div>\n\t\t\t\t\t<\/div>\n\t\t<\/div>\n\t\t\t\t\t<\/div>\n\t\t<\/section>\n\t\t\t\t<\/div>\n\t\t","protected":false},"excerpt":{"rendered":"<p>Organisations agr\u00e9\u00e9es F\u00e9licitations aux organisations canadiennes suivantes qui ont volontairement obtenu et maintenu l\u2019agr\u00e9ment de la recherche avec des \u00eatres humains. En obtenant l\u2019agr\u00e9ment, vous avez d\u00e9montr\u00e9 que vous avez mis en place des processus rigoureux pour prot\u00e9ger les participants \u00e0 la recherche et pour produire des donn\u00e9es fiables et cr\u00e9dibles. PPPRs &#8211; Chaque PPPR [&hellip;]<\/p>\n","protected":false},"author":1,"featured_media":0,"parent":0,"menu_order":0,"comment_status":"closed","ping_status":"closed","template":"elementor_header_footer","meta":{"om_disable_all_campaigns":false,"_monsterinsights_skip_tracking":false,"_monsterinsights_sitenote_active":false,"_monsterinsights_sitenote_note":"","_monsterinsights_sitenote_category":0,"site-sidebar-layout":"no-sidebar","site-content-layout":"page-builder","ast-site-content-layout":"default","site-content-style":"default","site-sidebar-style":"default","ast-global-header-display":"","ast-banner-title-visibility":"","ast-main-header-display":"","ast-hfb-above-header-display":"","ast-hfb-below-header-display":"","ast-hfb-mobile-header-display":"","site-post-title":"disabled","ast-breadcrumbs-content":"","ast-featured-img":"disabled","footer-sml-layout":"","ast-disable-related-posts":"","theme-transparent-header-meta":"enabled","adv-header-id-meta":"","stick-header-meta":"","header-above-stick-meta":"","header-main-stick-meta":"","header-below-stick-meta":"","astra-migrate-meta-layouts":"default","ast-page-background-enabled":"default","ast-page-background-meta":{"desktop":{"background-color":"","background-image":"","background-repeat":"repeat","background-position":"center center","background-size":"auto","background-attachment":"scroll","background-type":"","background-media":"","overlay-type":"","overlay-color":"","overlay-opacity":"","overlay-gradient":""},"tablet":{"background-color":"","background-image":"","background-repeat":"repeat","background-position":"center center","background-size":"auto","background-attachment":"scroll","background-type":"","background-media":"","overlay-type":"","overlay-color":"","overlay-opacity":"","overlay-gradient":""},"mobile":{"background-color":"","background-image":"","background-repeat":"repeat","background-position":"center center","background-size":"auto","background-attachment":"scroll","background-type":"","background-media":"","overlay-type":"","overlay-color":"","overlay-opacity":"","overlay-gradient":""}},"ast-content-background-meta":{"desktop":{"background-color":"var(--ast-global-color-5)","background-image":"","background-repeat":"repeat","background-position":"center center","background-size":"auto","background-attachment":"scroll","background-type":"","background-media":"","overlay-type":"","overlay-color":"","overlay-opacity":"","overlay-gradient":""},"tablet":{"background-color":"var(--ast-global-color-5)","background-image":"","background-repeat":"repeat","background-position":"center center","background-size":"auto","background-attachment":"scroll","background-type":"","background-media":"","overlay-type":"","overlay-color":"","overlay-opacity":"","overlay-gradient":""},"mobile":{"background-color":"var(--ast-global-color-5)","background-image":"","background-repeat":"repeat","background-position":"center center","background-size":"auto","background-attachment":"scroll","background-type":"","background-media":"","overlay-type":"","overlay-color":"","overlay-opacity":"","overlay-gradient":""}},"footnotes":""},"class_list":["post-2911","page","type-page","status-publish","hentry"],"aioseo_notices":[],"_links":{"self":[{"href":"https:\/\/www.hracanada.org\/francais\/wp-json\/wp\/v2\/pages\/2911","targetHints":{"allow":["GET"]}}],"collection":[{"href":"https:\/\/www.hracanada.org\/francais\/wp-json\/wp\/v2\/pages"}],"about":[{"href":"https:\/\/www.hracanada.org\/francais\/wp-json\/wp\/v2\/types\/page"}],"author":[{"embeddable":true,"href":"https:\/\/www.hracanada.org\/francais\/wp-json\/wp\/v2\/users\/1"}],"replies":[{"embeddable":true,"href":"https:\/\/www.hracanada.org\/francais\/wp-json\/wp\/v2\/comments?post=2911"}],"version-history":[{"count":0,"href":"https:\/\/www.hracanada.org\/francais\/wp-json\/wp\/v2\/pages\/2911\/revisions"}],"wp:attachment":[{"href":"https:\/\/www.hracanada.org\/francais\/wp-json\/wp\/v2\/media?parent=2911"}],"curies":[{"name":"wp","href":"https:\/\/api.w.org\/{rel}","templated":true}]}}